{"id":14,"date":"2021-01-10T22:44:33","date_gmt":"2021-01-10T22:44:33","guid":{"rendered":"http:\/\/multiserviciosrubygo.com\/index.php\/servicios\/"},"modified":"2021-04-20T23:51:43","modified_gmt":"2021-04-20T23:51:43","slug":"servicios","status":"publish","type":"page","link":"https:\/\/multiserviciosrubygo.com\/index.php\/servicios\/","title":{"rendered":"Servicios"},"content":{"rendered":"<p>[et_pb_section fb_built=\u00bb1&#8243; _builder_version=\u00bb4.7.7&#8243; _module_preset=\u00bbdefault\u00bb][et_pb_row column_structure=\u00bb1_2,1_2&#8243; _builder_version=\u00bb4.7.7&#8243; _module_preset=\u00bbdefault\u00bb][et_pb_column type=\u00bb1_2&#8243; _builder_version=\u00bb4.7.7&#8243; _module_preset=\u00bbdefault\u00bb][et_pb_slider _builder_version=\u00bb4.7.7&#8243; _module_preset=\u00bbdefault\u00bb auto=\u00bbon\u00bb][et_pb_slide _builder_version=\u00bb4.7.7&#8243; _module_preset=\u00bbdefault\u00bb background_image=\u00bbhttps:\/\/multiserviciosrubygo.com\/wp-content\/uploads\/2021\/01\/IMG-20161007-WA0026.jpg\u00bb background_enable_image=\u00bbon\u00bb custom_padding=\u00bb32%||32%||true|false\u00bb sticky_transition=\u00bbon\u00bb][\/et_pb_slide][et_pb_slide _builder_version=\u00bb4.7.7&#8243; _module_preset=\u00bbdefault\u00bb background_image=\u00bbhttps:\/\/multiserviciosrubygo.com\/wp-content\/uploads\/2021\/01\/IMG-20201124-WA0017.jpg\u00bb background_enable_image=\u00bbon\u00bb custom_padding=\u00bb32%||32%||true|false\u00bb sticky_transition=\u00bbon\u00bb][\/et_pb_slide][et_pb_slide _builder_version=\u00bb4.7.7&#8243; _module_preset=\u00bbdefault\u00bb background_image=\u00bbhttps:\/\/multiserviciosrubygo.com\/wp-content\/uploads\/2021\/01\/20200427_140403.jpg\u00bb background_enable_image=\u00bbon\u00bb custom_padding=\u00bb32%||32%||true|false\u00bb sticky_transition=\u00bbon\u00bb][\/et_pb_slide][\/et_pb_slider][\/et_pb_column][et_pb_column type=\u00bb1_2&#8243; _builder_version=\u00bb4.7.7&#8243; _module_preset=\u00bbdefault\u00bb][et_pb_blurb use_icon=\u00bbon\u00bb font_icon=\u00bb%%24%%\u00bb icon_color=\u00bb#ed5300&#8243; icon_placement=\u00bbleft\u00bb _builder_version=\u00bb4.7.7&#8243; _module_preset=\u00bbdefault\u00bb header_font=\u00bb|600|||||||\u00bb header_font_size=\u00bb14px\u00bb header_line_height=\u00bb1.1em\u00bb body_font=\u00bb|600|||||||\u00bb body_text_align=\u00bbjustify\u00bb body_text_color=\u00bb#000000&#8243; body_line_height=\u00bb1.4em\u00bb]<\/p>\n<p style=\"text-align: justify;\">Venta de plantas de luz de 20 kw a 2000 kw, servicio de ingenier\u00eda para su correcta instalaci\u00f3n con tablero de transferencia.<\/p>\n<p>[\/et_pb_blurb][et_pb_blurb use_icon=\u00bbon\u00bb font_icon=\u00bb%%24%%\u00bb icon_color=\u00bb#ed5300&#8243; icon_placement=\u00bbleft\u00bb _builder_version=\u00bb4.7.7&#8243; _module_preset=\u00bbdefault\u00bb header_font=\u00bb|600|||||||\u00bb header_font_size=\u00bb14px\u00bb header_line_height=\u00bb1.1em\u00bb body_font=\u00bb|600|||||||\u00bb body_text_align=\u00bbjustify\u00bb body_text_color=\u00bb#000000&#8243; body_line_height=\u00bb1.4em\u00bb]<\/p>\n<p>P\u00f3liza de servicios para mantenimiento preventivo y correctivo a plantas de emergencia para cualquier capacidad (anual o mensual).<\/p>\n<p>[\/et_pb_blurb][et_pb_blurb use_icon=\u00bbon\u00bb font_icon=\u00bb%%24%%\u00bb icon_color=\u00bb#ed5300&#8243; icon_placement=\u00bbleft\u00bb _builder_version=\u00bb4.7.7&#8243; _module_preset=\u00bbdefault\u00bb header_font=\u00bb|600|||||||\u00bb header_font_size=\u00bb14px\u00bb header_line_height=\u00bb1.1em\u00bb body_font=\u00bb|600|||||||\u00bb body_text_align=\u00bbjustify\u00bb body_text_color=\u00bb#000000&#8243; body_line_height=\u00bb1.4em\u00bb]<\/p>\n<p>Torres de iluminaci\u00f3n que consta de 4 focos de 1000 wats motor diesel.<\/p>\n<p>[\/et_pb_blurb][et_pb_image src=\u00bbhttps:\/\/multiserviciosrubygo.com\/wp-content\/uploads\/2021\/01\/New-Project.jpg\u00bb title_text=\u00bbNew Project\u00bb _builder_version=\u00bb4.7.7&#8243; _module_preset=\u00bbdefault\u00bb][\/et_pb_image][\/et_pb_column][\/et_pb_row][et_pb_row column_structure=\u00bb1_2,1_2&#8243; _builder_version=\u00bb4.7.7&#8243; _module_preset=\u00bbdefault\u00bb][et_pb_column type=\u00bb1_2&#8243; _builder_version=\u00bb4.7.7&#8243; _module_preset=\u00bbdefault\u00bb][et_pb_blurb title=\u00bbBancos de resistencias con capacidad de 100 kw a 2000 kw.\u00bb use_icon=\u00bbon\u00bb font_icon=\u00bb%%24%%\u00bb icon_color=\u00bb#ed5300&#8243; icon_placement=\u00bbleft\u00bb _builder_version=\u00bb4.7.7&#8243; _module_preset=\u00bbdefault\u00bb header_font=\u00bb|600|||||||\u00bb header_font_size=\u00bb14px\u00bb header_line_height=\u00bb1.1em\u00bb body_font=\u00bb|600|||||||\u00bb body_text_align=\u00bbjustify\u00bb body_text_color=\u00bb#000000&#8243; body_line_height=\u00bb1.4em\u00bb custom_css_blurb_title=\u00bbpadding-top:1.5%;\u00bb][\/et_pb_blurb][et_pb_blurb use_icon=\u00bbon\u00bb font_icon=\u00bb%%24%%\u00bb icon_color=\u00bb#ed5300&#8243; icon_placement=\u00bbleft\u00bb _builder_version=\u00bb4.7.7&#8243; _module_preset=\u00bbdefault\u00bb header_font=\u00bb|600|||||||\u00bb header_font_size=\u00bb14px\u00bb header_line_height=\u00bb1.1em\u00bb body_font=\u00bb|600|||||||\u00bb body_text_align=\u00bbjustify\u00bb body_text_color=\u00bb#000000&#8243; body_line_height=\u00bb1.4em\u00bb]<\/p>\n<p>Renta de gr\u00faas con capacidad de carga de 9 toneladas para realizar maniobras y traslados locales y for\u00e1neos.<\/p>\n<p>[\/et_pb_blurb][et_pb_blurb use_icon=\u00bbon\u00bb font_icon=\u00bb%%24%%\u00bb icon_color=\u00bb#ed5300&#8243; icon_placement=\u00bbleft\u00bb _builder_version=\u00bb4.7.7&#8243; _module_preset=\u00bbdefault\u00bb header_font=\u00bb|600|||||||\u00bb header_font_size=\u00bb14px\u00bb header_line_height=\u00bb1.1em\u00bb body_font=\u00bb|600|||||||\u00bb body_text_align=\u00bbjustify\u00bb body_text_color=\u00bb#000000&#8243; body_line_height=\u00bb1.4em\u00bb]<\/p>\n<p>Renta de gr\u00faa tipo canastilla para trabajos en l\u00edneas de 13.8 kv y 34 kv.<\/p>\n<p>[\/et_pb_blurb][et_pb_image src=\u00bbhttps:\/\/multiserviciosrubygo.com\/wp-content\/uploads\/2021\/01\/logo-web-removebg-preview.png\u00bb title_text=\u00bblogo-web-removebg-preview\u00bb _builder_version=\u00bb4.7.7&#8243; _module_preset=\u00bbdefault\u00bb width=\u00bb32%\u00bb module_alignment=\u00bbcenter\u00bb][\/et_pb_image][\/et_pb_column][et_pb_column type=\u00bb1_2&#8243; _builder_version=\u00bb4.7.7&#8243; _module_preset=\u00bbdefault\u00bb][et_pb_slider _builder_version=\u00bb4.7.7&#8243; _module_preset=\u00bbdefault\u00bb auto=\u00bbon\u00bb][et_pb_slide _builder_version=\u00bb4.7.7&#8243; _module_preset=\u00bbdefault\u00bb background_image=\u00bbhttps:\/\/multiserviciosrubygo.com\/wp-content\/uploads\/2021\/01\/20200904_113416.jpg\u00bb background_enable_image=\u00bbon\u00bb custom_padding=\u00bb32%||32%||true|false\u00bb sticky_transition=\u00bbon\u00bb][\/et_pb_slide][et_pb_slide _builder_version=\u00bb4.7.7&#8243; _module_preset=\u00bbdefault\u00bb background_image=\u00bbhttps:\/\/multiserviciosrubygo.com\/wp-content\/uploads\/2021\/01\/20201118_153518.jpg\u00bb background_enable_image=\u00bbon\u00bb custom_padding=\u00bb32%||32%||true|false\u00bb sticky_transition=\u00bbon\u00bb][\/et_pb_slide][et_pb_slide _builder_version=\u00bb4.7.7&#8243; _module_preset=\u00bbdefault\u00bb background_image=\u00bbhttps:\/\/multiserviciosrubygo.com\/wp-content\/uploads\/2021\/01\/IMG-20171215-WA0023.jpg\u00bb background_enable_image=\u00bbon\u00bb custom_padding=\u00bb32%||32%||true|false\u00bb sticky_transition=\u00bbon\u00bb][\/et_pb_slide][\/et_pb_slider][\/et_pb_column][\/et_pb_row][\/et_pb_section]<\/p>\n","protected":false},"excerpt":{"rendered":"<p>Venta de plantas de luz de 20 kw a 2000 kw, servicio de ingenier\u00eda para su correcta instalaci\u00f3n con tablero de transferencia.P\u00f3liza de servicios para mantenimiento preventivo y correctivo a plantas de emergencia para cualquier capacidad (anual o mensual).Torres de iluminaci\u00f3n que consta de 4 focos de 1000 wats motor diesel.Renta de gr\u00faas con capacidad [&hellip;]<\/p>\n","protected":false},"author":1,"featured_media":0,"parent":0,"menu_order":7,"comment_status":"closed","ping_status":"closed","template":"","meta":{"_et_pb_use_builder":"on","_et_pb_old_content":"","_et_gb_content_width":"","footnotes":""},"class_list":["post-14","page","type-page","status-publish","hentry"],"_links":{"self":[{"href":"https:\/\/multiserviciosrubygo.com\/index.php\/wp-json\/wp\/v2\/pages\/14","targetHints":{"allow":["GET"]}}],"collection":[{"href":"https:\/\/multiserviciosrubygo.com\/index.php\/wp-json\/wp\/v2\/pages"}],"about":[{"href":"https:\/\/multiserviciosrubygo.com\/index.php\/wp-json\/wp\/v2\/types\/page"}],"author":[{"embeddable":true,"href":"https:\/\/multiserviciosrubygo.com\/index.php\/wp-json\/wp\/v2\/users\/1"}],"replies":[{"embeddable":true,"href":"https:\/\/multiserviciosrubygo.com\/index.php\/wp-json\/wp\/v2\/comments?post=14"}],"version-history":[{"count":6,"href":"https:\/\/multiserviciosrubygo.com\/index.php\/wp-json\/wp\/v2\/pages\/14\/revisions"}],"predecessor-version":[{"id":184,"href":"https:\/\/multiserviciosrubygo.com\/index.php\/wp-json\/wp\/v2\/pages\/14\/revisions\/184"}],"wp:attachment":[{"href":"https:\/\/multiserviciosrubygo.com\/index.php\/wp-json\/wp\/v2\/media?parent=14"}],"curies":[{"name":"wp","href":"https:\/\/api.w.org\/{rel}","templated":true}]}}